{"id":29028,"date":"2024-01-04T08:51:07","date_gmt":"2024-01-04T07:51:07","guid":{"rendered":"https:\/\/hiai.ch\/?page_id=29028"},"modified":"2024-02-15T19:51:27","modified_gmt":"2024-02-15T18:51:27","slug":"faq","status":"publish","type":"page","link":"https:\/\/hiai.ch\/fr_fr\/faq\/","title":{"rendered":"FAQ"},"content":{"rendered":"<p>[et_pb_section fb_built=&#8221;1&#8243; _builder_version=&#8221;4.24.0&#8243; _module_preset=&#8221;default&#8221; background_color_gradient_type=&#8221;circular&#8221; background_color_gradient_stops=&#8221;#2b87da 0%|#7535ff 99%&#8221; global_colors_info=&#8221;{}&#8221;][et_pb_row column_structure=&#8221;1_4,1_4,1_4,1_4&#8243; _builder_version=&#8221;4.23.1&#8243; _module_preset=&#8221;default&#8221; global_colors_info=&#8221;{}&#8221;][et_pb_column type=&#8221;1_4&#8243; _builder_version=&#8221;4.23.1&#8243; _module_preset=&#8221;default&#8221; global_colors_info=&#8221;{}&#8221;][et_pb_testimonial author=&#8221;Of course! In our full course, we discuss how you can automate and optimize tasks at work or at school!&#8221; portrait_url=&#8221;data:image\/svg+xml;base64,PHN2ZyB3aWR0aD0iNTAwIiBoZWlnaHQ9IjUwMCIgdmlld0JveD0iMCAwIDUwMCA1MDAiIHhtbG5zPSJodHRwOi8vd3d3LnczLm9yZy8yMDAwL3N2ZyI+CiAgICA8ZyBmaWxsPSJub25lIiBmaWxsLXJ1bGU9ImV2ZW5vZGQiPgogICAgICAgIDxwYXRoIGZpbGw9IiNFQkVCRUIiIGQ9Ik0wIDBoNTAwdjUwMEgweiIvPgogICAgICAgIDxyZWN0IGZpbGwtb3BhY2l0eT0iLjEiIGZpbGw9IiMwMDAiIHg9IjY4IiB5PSIzMDUiIHdpZHRoPSIzNjQiIGhlaWdodD0iNTY4IiByeD0iMTgyIi8+CiAgICAgICAgPGNpcmNsZSBmaWxsLW9wYWNpdHk9Ii4xIiBmaWxsPSIjMDAwIiBjeD0iMjQ5IiBjeT0iMTcyIiByPSIxMDAiLz4KICAgIDwvZz4KPC9zdmc+Cg==&#8221; _builder_version=&#8221;4.24.0&#8243; _module_preset=&#8221;default&#8221; background_color=&#8221;#FFFFFF&#8221; hover_enabled=&#8221;0&#8243; box_shadow_style=&#8221;preset4&#8243; global_colors_info=&#8221;{}&#8221; box_shadow_horizontal=&#8221;6px&#8221; box_shadow_vertical=&#8221;6px&#8221; sticky_enabled=&#8221;0&#8243;]<\/p>\n<p>Bonjour,<br \/>Je travaille dans le secteur bancaire \u00e0 Gen\u00e8ve et j'aimerais savoir si l'IA pourrait m'aider \u00e0 r\u00e9duire le temps que je passe \u00e0 cr\u00e9er des feuilles Excel.<\/p>\n<p>[\/et_pb_testimonial][\/et_pb_column][et_pb_column type=&#8221;1_4&#8243; _builder_version=&#8221;4.23.1&#8243; _module_preset=&#8221;default&#8221; global_colors_info=&#8221;{}&#8221;][et_pb_testimonial author=&#8221;Yes! AI can greatly help you manage your time and improve your revision process. You can learn about it in our student course!&#8221; portrait_url=&#8221;data:image\/svg+xml;base64,PHN2ZyB3aWR0aD0iNTAwIiBoZWlnaHQ9IjUwMCIgdmlld0JveD0iMCAwIDUwMCA1MDAiIHhtbG5zPSJodHRwOi8vd3d3LnczLm9yZy8yMDAwL3N2ZyI+CiAgICA8ZyBmaWxsPSJub25lIiBmaWxsLXJ1bGU9ImV2ZW5vZGQiPgogICAgICAgIDxwYXRoIGZpbGw9IiNFQkVCRUIiIGQ9Ik0wIDBoNTAwdjUwMEgweiIvPgogICAgICAgIDxyZWN0IGZpbGwtb3BhY2l0eT0iLjEiIGZpbGw9IiMwMDAiIHg9IjY4IiB5PSIzMDUiIHdpZHRoPSIzNjQiIGhlaWdodD0iNTY4IiByeD0iMTgyIi8+CiAgICAgICAgPGNpcmNsZSBmaWxsLW9wYWNpdHk9Ii4xIiBmaWxsPSIjMDAwIiBjeD0iMjQ5IiBjeT0iMTcyIiByPSIxMDAiLz4KICAgIDwvZz4KPC9zdmc+Cg==&#8221; _builder_version=&#8221;4.24.0&#8243; _module_preset=&#8221;default&#8221; background_color=&#8221;#FFFFFF&#8221; hover_enabled=&#8221;0&#8243; box_shadow_style=&#8221;preset4&#8243; global_colors_info=&#8221;{}&#8221; box_shadow_horizontal=&#8221;6px&#8221; box_shadow_vertical=&#8221;6px&#8221; sticky_enabled=&#8221;0&#8243;]<\/p>\n<p>Bonjour, je suis \u00e9tudiant \u00e0 l'UNIGE et j'ai environ 150 pages de notes qui contiennent beaucoup d'informations tr\u00e8s d\u00e9taill\u00e9es, mais trop longues \u00e0 lire. Puis-je utiliser l'IA pour r\u00e9capituler chaque cours ? Je vous remercie.<\/p>\n<p>[\/et_pb_testimonial][\/et_pb_column][et_pb_column type=&#8221;1_4&#8243; _builder_version=&#8221;4.23.1&#8243; _module_preset=&#8221;default&#8221; global_colors_info=&#8221;{}&#8221;][et_pb_testimonial author=&#8221;Not at all! In our courses, we explain how AI works and how to use it in a comprehensive, universal manner.  And with our team of experts, you can be sure all your questions will be answered!&#8221; portrait_url=&#8221;data:image\/svg+xml;base64,PHN2ZyB3aWR0aD0iNTAwIiBoZWlnaHQ9IjUwMCIgdmlld0JveD0iMCAwIDUwMCA1MDAiIHhtbG5zPSJodHRwOi8vd3d3LnczLm9yZy8yMDAwL3N2ZyI+CiAgICA8ZyBmaWxsPSJub25lIiBmaWxsLXJ1bGU9ImV2ZW5vZGQiPgogICAgICAgIDxwYXRoIGZpbGw9IiNFQkVCRUIiIGQ9Ik0wIDBoNTAwdjUwMEgweiIvPgogICAgICAgIDxyZWN0IGZpbGwtb3BhY2l0eT0iLjEiIGZpbGw9IiMwMDAiIHg9IjY4IiB5PSIzMDUiIHdpZHRoPSIzNjQiIGhlaWdodD0iNTY4IiByeD0iMTgyIi8+CiAgICAgICAgPGNpcmNsZSBmaWxsLW9wYWNpdHk9Ii4xIiBmaWxsPSIjMDAwIiBjeD0iMjQ5IiBjeT0iMTcyIiByPSIxMDAiLz4KICAgIDwvZz4KPC9zdmc+Cg==&#8221; _builder_version=&#8221;4.24.0&#8243; _module_preset=&#8221;default&#8221; background_color=&#8221;#FFFFFF&#8221; hover_enabled=&#8221;0&#8243; box_shadow_style=&#8221;preset4&#8243; global_colors_info=&#8221;{}&#8221; box_shadow_horizontal=&#8221;6px&#8221; box_shadow_vertical=&#8221;6px&#8221; sticky_enabled=&#8221;0&#8243;]<\/p>\n<p>Bonjour. J'aimerais beaucoup en savoir plus sur l'IA et ses avantages, mais j'ai l'impression que c'est trop avanc\u00e9 pour moi. Dois-je avoir une formation universitaire en informatique ?<\/p>\n<p>[\/et_pb_testimonial][\/et_pb_column][et_pb_column type=&#8221;1_4&#8243; _builder_version=&#8221;4.23.1&#8243; _module_preset=&#8221;default&#8221; global_colors_info=&#8221;{}&#8221;][et_pb_testimonial author=&#8221;Thank you! First of all, the minimum age to sign up for our courses is 14. Second, students must bring their own computers to class. And finally, students have to come in with a big smile!&#8221; portrait_url=&#8221;data:image\/svg+xml;base64,PHN2ZyB3aWR0aD0iNTAwIiBoZWlnaHQ9IjUwMCIgdmlld0JveD0iMCAwIDUwMCA1MDAiIHhtbG5zPSJodHRwOi8vd3d3LnczLm9yZy8yMDAwL3N2ZyI+CiAgICA8ZyBmaWxsPSJub25lIiBmaWxsLXJ1bGU9ImV2ZW5vZGQiPgogICAgICAgIDxwYXRoIGZpbGw9IiNFQkVCRUIiIGQ9Ik0wIDBoNTAwdjUwMEgweiIvPgogICAgICAgIDxyZWN0IGZpbGwtb3BhY2l0eT0iLjEiIGZpbGw9IiMwMDAiIHg9IjY4IiB5PSIzMDUiIHdpZHRoPSIzNjQiIGhlaWdodD0iNTY4IiByeD0iMTgyIi8+CiAgICAgICAgPGNpcmNsZSBmaWxsLW9wYWNpdHk9Ii4xIiBmaWxsPSIjMDAwIiBjeD0iMjQ5IiBjeT0iMTcyIiByPSIxMDAiLz4KICAgIDwvZz4KPC9zdmc+Cg==&#8221; _builder_version=&#8221;4.24.0&#8243; _module_preset=&#8221;default&#8221; background_color=&#8221;#FFFFFF&#8221; hover_enabled=&#8221;0&#8243; box_shadow_style=&#8221;preset4&#8243; global_colors_info=&#8221;{}&#8221; box_shadow_horizontal=&#8221;6px&#8221; box_shadow_vertical=&#8221;6px&#8221; sticky_enabled=&#8221;0&#8243;]<\/p>\n<p>Bonjour,<br \/>J'aime ce que vous faites et je souhaite m'inscrire \u00e0 un cours, mais quelles sont les conditions requises pour participer \u00e0 votre cours ?<\/p>\n<p>[\/et_pb_testimonial][\/et_pb_column][\/et_pb_row][\/et_pb_section]<\/p>","protected":false},"excerpt":{"rendered":"<p>Hello,I work in the banking sector in Geneva and I would like to know if AI could help me reduce the time I spend creating Excel sheets.Hi! I&#8217;m a student at UNIGE and I have around 150 pages of notes that have a lot of information that&#8217;s very detailed, but too long to read. Can [&hellip;]<\/p>","protected":false},"author":1,"featured_media":0,"parent":0,"menu_order":0,"comment_status":"closed","ping_status":"closed","template":"","meta":{"_et_pb_use_builder":"on","_et_pb_old_content":"","_et_gb_content_width":"","om_disable_all_campaigns":false,"_monsterinsights_skip_tracking":false,"_monsterinsights_sitenote_active":false,"_monsterinsights_sitenote_note":"","_monsterinsights_sitenote_category":0,"_uf_show_specific_survey":0,"_uf_disable_surveys":false,"footnotes":""},"class_list":["post-29028","page","type-page","status-publish","hentry"],"yoast_head":"<!-- This site is optimized with the Yoast SEO plugin v25.1 - https:\/\/yoast.com\/wordpress\/plugins\/seo\/ -->\n<title>FAQ | HiAI<\/title>\n<meta name=\"description\" content=\"Our FAQ page: see what&#039; on our clients&#039; mind and get inspired for new achievements\" \/>\n<meta name=\"robots\" content=\"index, follow, max-snippet:-1, max-image-preview:large, max-video-preview:-1\" \/>\n<link rel=\"canonical\" href=\"https:\/\/hiai.ch\/fr_fr\/faq\/\" \/>\n<meta property=\"og:locale\" content=\"fr_FR\" \/>\n<meta property=\"og:type\" content=\"article\" \/>\n<meta property=\"og:title\" content=\"FAQ | HiAI\" \/>\n<meta property=\"og:description\" content=\"Our FAQ page: see what&#039; on our clients&#039; mind and get inspired for new achievements\" \/>\n<meta property=\"og:url\" content=\"https:\/\/hiai.ch\/fr_fr\/faq\/\" \/>\n<meta property=\"og:site_name\" content=\"HiAI\" \/>\n<meta property=\"article:publisher\" content=\"https:\/\/www.facebook.com\/hiaigeneva\" \/>\n<meta property=\"article:modified_time\" content=\"2024-02-15T18:51:27+00:00\" \/>\n<meta property=\"og:image\" content=\"https:\/\/hiai.ch\/wp-content\/uploads\/2023\/12\/hiai-1.png\" \/>\n\t<meta property=\"og:image:width\" content=\"680\" \/>\n\t<meta property=\"og:image:height\" content=\"332\" \/>\n\t<meta property=\"og:image:type\" content=\"image\/png\" \/>\n<meta name=\"twitter:card\" content=\"summary_large_image\" \/>\n<meta name=\"twitter:label1\" content=\"Dur\u00e9e de lecture estim\u00e9e\" \/>\n\t<meta name=\"twitter:data1\" content=\"4 minutes\" \/>\n<script type=\"application\/ld+json\" class=\"yoast-schema-graph\">{\"@context\":\"https:\/\/schema.org\",\"@graph\":[{\"@type\":\"WebPage\",\"@id\":\"https:\/\/hiai.ch\/faq\/\",\"url\":\"https:\/\/hiai.ch\/faq\/\",\"name\":\"FAQ | HiAI\",\"isPartOf\":{\"@id\":\"https:\/\/hiai.ch\/#website\"},\"datePublished\":\"2024-01-04T07:51:07+00:00\",\"dateModified\":\"2024-02-15T18:51:27+00:00\",\"description\":\"Our FAQ page: see what' on our clients' mind and get inspired for new achievements\",\"breadcrumb\":{\"@id\":\"https:\/\/hiai.ch\/faq\/#breadcrumb\"},\"inLanguage\":\"fr-FR\",\"potentialAction\":[{\"@type\":\"ReadAction\",\"target\":[\"https:\/\/hiai.ch\/faq\/\"]}]},{\"@type\":\"BreadcrumbList\",\"@id\":\"https:\/\/hiai.ch\/faq\/#breadcrumb\",\"itemListElement\":[{\"@type\":\"ListItem\",\"position\":1,\"name\":\"Home\",\"item\":\"https:\/\/hiai.ch\/\"},{\"@type\":\"ListItem\",\"position\":2,\"name\":\"FAQ\"}]},{\"@type\":\"WebSite\",\"@id\":\"https:\/\/hiai.ch\/#website\",\"url\":\"https:\/\/hiai.ch\/\",\"name\":\"HiAI\",\"description\":\"AI Courses in Geneva\",\"publisher\":{\"@id\":\"https:\/\/hiai.ch\/#organization\"},\"potentialAction\":[{\"@type\":\"SearchAction\",\"target\":{\"@type\":\"EntryPoint\",\"urlTemplate\":\"https:\/\/hiai.ch\/?s={search_term_string}\"},\"query-input\":{\"@type\":\"PropertyValueSpecification\",\"valueRequired\":true,\"valueName\":\"search_term_string\"}}],\"inLanguage\":\"fr-FR\"},{\"@type\":\"Organization\",\"@id\":\"https:\/\/hiai.ch\/#organization\",\"name\":\"HiAI\",\"url\":\"https:\/\/hiai.ch\/\",\"logo\":{\"@type\":\"ImageObject\",\"inLanguage\":\"fr-FR\",\"@id\":\"https:\/\/hiai.ch\/#\/schema\/logo\/image\/\",\"url\":\"https:\/\/hiai.ch\/wp-content\/uploads\/2023\/12\/hiai-1.png\",\"contentUrl\":\"https:\/\/hiai.ch\/wp-content\/uploads\/2023\/12\/hiai-1.png\",\"width\":680,\"height\":332,\"caption\":\"HiAI\"},\"image\":{\"@id\":\"https:\/\/hiai.ch\/#\/schema\/logo\/image\/\"},\"sameAs\":[\"https:\/\/www.facebook.com\/hiaigeneva\",\"https:\/\/www.instagram.com\/hiai_geneva\/\"]}]}<\/script>\n<!-- \/ Yoast SEO plugin. -->","yoast_head_json":{"title":"FAQ | HiAI","description":"Our FAQ page: see what' on our clients' mind and get inspired for new achievements","robots":{"index":"index","follow":"follow","max-snippet":"max-snippet:-1","max-image-preview":"max-image-preview:large","max-video-preview":"max-video-preview:-1"},"canonical":"https:\/\/hiai.ch\/fr_fr\/faq\/","og_locale":"fr_FR","og_type":"article","og_title":"FAQ | HiAI","og_description":"Our FAQ page: see what' on our clients' mind and get inspired for new achievements","og_url":"https:\/\/hiai.ch\/fr_fr\/faq\/","og_site_name":"HiAI","article_publisher":"https:\/\/www.facebook.com\/hiaigeneva","article_modified_time":"2024-02-15T18:51:27+00:00","og_image":[{"width":680,"height":332,"url":"https:\/\/hiai.ch\/wp-content\/uploads\/2023\/12\/hiai-1.png","type":"image\/png"}],"twitter_card":"summary_large_image","twitter_misc":{"Dur\u00e9e de lecture estim\u00e9e":"4 minutes"},"schema":{"@context":"https:\/\/schema.org","@graph":[{"@type":"WebPage","@id":"https:\/\/hiai.ch\/faq\/","url":"https:\/\/hiai.ch\/faq\/","name":"FAQ | HiAI","isPartOf":{"@id":"https:\/\/hiai.ch\/#website"},"datePublished":"2024-01-04T07:51:07+00:00","dateModified":"2024-02-15T18:51:27+00:00","description":"Our FAQ page: see what' on our clients' mind and get inspired for new achievements","breadcrumb":{"@id":"https:\/\/hiai.ch\/faq\/#breadcrumb"},"inLanguage":"fr-FR","potentialAction":[{"@type":"ReadAction","target":["https:\/\/hiai.ch\/faq\/"]}]},{"@type":"BreadcrumbList","@id":"https:\/\/hiai.ch\/faq\/#breadcrumb","itemListElement":[{"@type":"ListItem","position":1,"name":"Home","item":"https:\/\/hiai.ch\/"},{"@type":"ListItem","position":2,"name":"FAQ"}]},{"@type":"WebSite","@id":"https:\/\/hiai.ch\/#website","url":"https:\/\/hiai.ch\/","name":"HiAI","description":"AI Courses in Geneva","publisher":{"@id":"https:\/\/hiai.ch\/#organization"},"potentialAction":[{"@type":"SearchAction","target":{"@type":"EntryPoint","urlTemplate":"https:\/\/hiai.ch\/?s={search_term_string}"},"query-input":{"@type":"PropertyValueSpecification","valueRequired":true,"valueName":"search_term_string"}}],"inLanguage":"fr-FR"},{"@type":"Organization","@id":"https:\/\/hiai.ch\/#organization","name":"HiAI","url":"https:\/\/hiai.ch\/","logo":{"@type":"ImageObject","inLanguage":"fr-FR","@id":"https:\/\/hiai.ch\/#\/schema\/logo\/image\/","url":"https:\/\/hiai.ch\/wp-content\/uploads\/2023\/12\/hiai-1.png","contentUrl":"https:\/\/hiai.ch\/wp-content\/uploads\/2023\/12\/hiai-1.png","width":680,"height":332,"caption":"HiAI"},"image":{"@id":"https:\/\/hiai.ch\/#\/schema\/logo\/image\/"},"sameAs":["https:\/\/www.facebook.com\/hiaigeneva","https:\/\/www.instagram.com\/hiai_geneva\/"]}]}},"_links":{"self":[{"href":"https:\/\/hiai.ch\/fr_fr\/wp-json\/wp\/v2\/pages\/29028","targetHints":{"allow":["GET"]}}],"collection":[{"href":"https:\/\/hiai.ch\/fr_fr\/wp-json\/wp\/v2\/pages"}],"about":[{"href":"https:\/\/hiai.ch\/fr_fr\/wp-json\/wp\/v2\/types\/page"}],"author":[{"embeddable":true,"href":"https:\/\/hiai.ch\/fr_fr\/wp-json\/wp\/v2\/users\/1"}],"replies":[{"embeddable":true,"href":"https:\/\/hiai.ch\/fr_fr\/wp-json\/wp\/v2\/comments?post=29028"}],"version-history":[{"count":7,"href":"https:\/\/hiai.ch\/fr_fr\/wp-json\/wp\/v2\/pages\/29028\/revisions"}],"predecessor-version":[{"id":29363,"href":"https:\/\/hiai.ch\/fr_fr\/wp-json\/wp\/v2\/pages\/29028\/revisions\/29363"}],"wp:attachment":[{"href":"https:\/\/hiai.ch\/fr_fr\/wp-json\/wp\/v2\/media?parent=29028"}],"curies":[{"name":"wp","href":"https:\/\/api.w.org\/{rel}","templated":true}]}}