{"id":28853,"date":"2023-12-28T11:41:31","date_gmt":"2023-12-28T10:41:31","guid":{"rendered":"https:\/\/hiai.ch\/?page_id=28853"},"modified":"2024-03-01T09:14:40","modified_gmt":"2024-03-01T08:14:40","slug":"lesson-planning","status":"publish","type":"page","link":"https:\/\/hiai.ch\/fr_fr\/lesson-planning\/","title":{"rendered":"PLAN DE COURS"},"content":{"rendered":"<p>[et_pb_section fb_built=&#8221;1&#8243; _builder_version=&#8221;4.24.0&#8243; _module_preset=&#8221;default&#8221; background_image=&#8221;https:\/\/hiai.ch\/wp-content\/uploads\/2024\/02\/pexels-codioful-formerly-gradienta-7130560-scaled.jpg&#8221; global_colors_info=&#8221;{}&#8221;][et_pb_row column_structure=&#8221;1_2,1_2&#8243; _builder_version=&#8221;4.23.1&#8243; _module_preset=&#8221;default&#8221; global_colors_info=&#8221;{}&#8221;][et_pb_column type=&#8221;1_2&#8243; _builder_version=&#8221;4.23.1&#8243; _module_preset=&#8221;default&#8221; global_colors_info=&#8221;{}&#8221;][et_pb_cta title=&#8221;Student Group&#8221; button_text=&#8221;Click Here&#8221; _builder_version=&#8221;4.24.0&#8243; _module_preset=&#8221;default&#8221; use_background_color_gradient=&#8221;on&#8221; background_color_gradient_direction=&#8221;123deg&#8221; animation_style=&#8221;fade&#8221; animation_direction=&#8221;left&#8221; border_radii=&#8221;on|65px|65px|65px|65px&#8221; box_shadow_style=&#8221;preset4&#8243; global_colors_info=&#8221;{}&#8221;]<\/p>\n<p style=\"text-align: center;\">_____________________________________________________________<\/p>\n<p style=\"text-align: center;\">Partie 1:<\/p>\n<p style=\"text-align: center;\">(Chaque le\u00e7on dure 90 minutes)<\/p>\n<ol>\n<li style=\"list-style-type: none;\">\n<ol>\n<li style=\"list-style-type: none;\">\n<ol>\n<li style=\"text-align: left;\">Introduction \u00e0 ChatGPT. Prompting.<\/li>\n<li style=\"text-align: left;\">Masquage de l'IA. \u00c9viter les probl\u00e8mes de droits d'auteur.<\/li>\n<li style=\"text-align: left;\">\u00c9tudier et r\u00e9viser avec l'IA.<\/li>\n<li style=\"text-align: left;\">Outils d'IA pour les pr\u00e9sentations.<\/li>\n<li style=\"text-align: left;\">Cr\u00e9ation de sites web \u00e0 l'aide de l'IA.<\/li>\n<\/ol>\n<\/li>\n<\/ol>\n<\/li>\n<\/ol>\n<p style=\"text-align: center;\">Partie 2:<\/p>\n<ol>\n<li style=\"list-style-type: none;\">\n<ol>\n<li style=\"list-style-type: none;\">\n<ol>\n<li style=\"text-align: left;\">G\u00e9n\u00e9ration et \u00e9dition d'images.<\/li>\n<li style=\"text-align: left;\">G\u00e9n\u00e9ration de musique.<\/li>\n<li style=\"text-align: left;\">G\u00e9n\u00e9ration de TikTok et de Reels avec l'IA.<\/li>\n<li style=\"text-align: left;\">Mod\u00e9lisation\/d\u00e9veloppement de jeux utilisant l'IA.<\/li>\n<li style=\"text-align: left;\">Combiner les outils d'IA. R\u00e9capitulatif du cours.<\/li>\n<\/ol>\n<\/li>\n<\/ol>\n<\/li>\n<\/ol>\n<p>[\/et_pb_cta][\/et_pb_column][et_pb_column type=&#8221;1_2&#8243; _builder_version=&#8221;4.23.1&#8243; _module_preset=&#8221;default&#8221; global_colors_info=&#8221;{}&#8221;][et_pb_cta title=&#8221;Professionals Group&#8221; button_text=&#8221;Click Here&#8221; _builder_version=&#8221;4.24.0&#8243; _module_preset=&#8221;default&#8221; background_enable_color=&#8221;off&#8221; use_background_color_gradient=&#8221;on&#8221; background_color_gradient_direction=&#8221;110deg&#8221; background_color_gradient_stops=&#8221;#2b87da 10pc|#29c4a9 41pc&#8221; background_color_gradient_unit=&#8221;pc&#8221; animation_style=&#8221;fade&#8221; animation_duration=&#8221;1050ms&#8221; border_radii=&#8221;on|65px|65px|65px|65px&#8221; box_shadow_style=&#8221;preset4&#8243; global_colors_info=&#8221;{}&#8221;]<\/p>\n<p style=\"text-align: center;\">_____________________________________________________________<\/p>\n<p style=\"text-align: center;\">Partie 1:<\/p>\n<p style=\"text-align: center;\">(Chaque le\u00e7on dure 90 minutes)<\/p>\n<ol>\n<li style=\"list-style-type: none;\">\n<ol>\n<li style=\"list-style-type: none;\">\n<ol>\n<li style=\"text-align: left;\">Introduction aux LLM. Structuration de prompt.<\/li>\n<li style=\"text-align: left;\">Aspects juridiques de l'IA. Recommandations.<\/li>\n<li style=\"text-align: left;\">Construction et publication de chatbots.<\/li>\n<li style=\"text-align: left;\">Re-imaginer PowerPoint.<\/li>\n<li style=\"text-align: left;\">Outils de conception de sites web AI.<\/li>\n<\/ol>\n<\/li>\n<\/ol>\n<\/li>\n<\/ol>\n<p>Partie 2:<\/p>\n<ol>\n<li style=\"list-style-type: none;\">\n<ol>\n<li style=\"list-style-type: none;\">\n<ol>\n<li style=\"text-align: left;\">G\u00e9n\u00e9ration de photos et d'images.<\/li>\n<li style=\"text-align: left;\">Edition et g\u00e9n\u00e9ration audio.<\/li>\n<li style=\"text-align: left;\">Outils d'IA pour l'am\u00e9lioration des vid\u00e9os\/photos.<\/li>\n<li style=\"text-align: left;\">Rendering 3D avec l'IA.<\/li>\n<li style=\"text-align: left;\">Combiner les outils d'IA. R\u00e9capitulatif du cours.<\/li>\n<\/ol>\n<\/li>\n<\/ol>\n<\/li>\n<\/ol>\n<p>[\/et_pb_cta][\/et_pb_column][\/et_pb_row][et_pb_row column_structure=&#8221;1_2,1_2&#8243; _builder_version=&#8221;4.24.0&#8243; _module_preset=&#8221;default&#8221; animation_style=&#8221;fade&#8221; global_colors_info=&#8221;{}&#8221;][et_pb_column type=&#8221;1_2&#8243; _builder_version=&#8221;4.23.1&#8243; _module_preset=&#8221;default&#8221; global_colors_info=&#8221;{}&#8221;][et_pb_button button_url=&#8221;https:\/\/hiai.ch\/wp-content\/uploads\/2024\/03\/Lesson-plan-course-1-for-pdf-2.pdf&#8221; button_text=&#8221;Download PDF 1&#8243; button_alignment=&#8221;center&#8221; _builder_version=&#8221;4.24.0&#8243; _module_preset=&#8221;default&#8221; background_layout=&#8221;dark&#8221; hover_enabled=&#8221;0&#8243; box_shadow_style=&#8221;preset4&#8243; box_shadow_horizontal=&#8221;7px&#8221; box_shadow_vertical=&#8221;7px&#8221; global_colors_info=&#8221;{}&#8221; sticky_enabled=&#8221;0&#8243;][\/et_pb_button][\/et_pb_column][et_pb_column type=&#8221;1_2&#8243; _builder_version=&#8221;4.23.1&#8243; _module_preset=&#8221;default&#8221; global_colors_info=&#8221;{}&#8221;][et_pb_button button_url=&#8221;https:\/\/hiai.ch\/wp-content\/uploads\/2024\/03\/lesson-plan-course-2-for-pdf.pdf&#8221; button_text=&#8221;Download PDF 2&#8243; button_alignment=&#8221;center&#8221; _builder_version=&#8221;4.24.0&#8243; _module_preset=&#8221;default&#8221; background_layout=&#8221;dark&#8221; box_shadow_style=&#8221;preset4&#8243; box_shadow_horizontal=&#8221;7px&#8221; box_shadow_vertical=&#8221;7px&#8221; global_colors_info=&#8221;{}&#8221;][\/et_pb_button][\/et_pb_column][\/et_pb_row][et_pb_row column_structure=&#8221;1_2,1_2&#8243; _builder_version=&#8221;4.24.0&#8243; _module_preset=&#8221;default&#8221; animation_style=&#8221;fade&#8221; animation_delay=&#8221;100ms&#8221; global_colors_info=&#8221;{}&#8221;][et_pb_column type=&#8221;1_2&#8243; _builder_version=&#8221;4.23.1&#8243; _module_preset=&#8221;default&#8221; global_colors_info=&#8221;{}&#8221;][et_pb_button button_text=&#8221;Download PDF 1 (Rus)&#8221; button_alignment=&#8221;center&#8221; _builder_version=&#8221;4.24.0&#8243; _module_preset=&#8221;default&#8221; background_layout=&#8221;dark&#8221; box_shadow_style=&#8221;preset4&#8243; box_shadow_horizontal=&#8221;7px&#8221; box_shadow_vertical=&#8221;7px&#8221; global_colors_info=&#8221;{}&#8221;][\/et_pb_button][\/et_pb_column][et_pb_column type=&#8221;1_2&#8243; _builder_version=&#8221;4.23.1&#8243; _module_preset=&#8221;default&#8221; global_colors_info=&#8221;{}&#8221;][et_pb_button button_text=&#8221;Download PDF 2 (Rus)&#8221; button_alignment=&#8221;center&#8221; _builder_version=&#8221;4.24.0&#8243; _module_preset=&#8221;default&#8221; background_layout=&#8221;dark&#8221; box_shadow_style=&#8221;preset4&#8243; box_shadow_horizontal=&#8221;7px&#8221; box_shadow_vertical=&#8221;7px&#8221; global_colors_info=&#8221;{}&#8221;][\/et_pb_button][\/et_pb_column][\/et_pb_row][\/et_pb_section]<\/p>","protected":false},"excerpt":{"rendered":"<p>_____________________________________________________________ Part 1: (Every lesson is 90 minutes long) Introduction to ChatGPT. Prompting. Masking AI. Avoiding copyright problems. Studying and revising with AI. AI tools for presentations. Website creation using AI. Part 2: AI image generation and editing. Music generation. TikTok and Reels generation with AI. Modeling\/Game development using AI. Combining AI tools. Course recap. [&hellip;]<\/p>","protected":false},"author":1,"featured_media":28746,"parent":0,"menu_order":0,"comment_status":"closed","ping_status":"closed","template":"","meta":{"_et_pb_use_builder":"on","_et_pb_old_content":"","_et_gb_content_width":"","om_disable_all_campaigns":false,"_monsterinsights_skip_tracking":false,"_monsterinsights_sitenote_active":false,"_monsterinsights_sitenote_note":"","_monsterinsights_sitenote_category":0,"_uf_show_specific_survey":0,"_uf_disable_surveys":false,"footnotes":""},"class_list":["post-28853","page","type-page","status-publish","has-post-thumbnail","hentry"],"yoast_head":"<!-- This site is optimized with the Yoast SEO plugin v25.1 - https:\/\/yoast.com\/wordpress\/plugins\/seo\/ -->\n<title>LESSON PLANNING | HiAI<\/title>\n<meta name=\"robots\" content=\"index, follow, max-snippet:-1, max-image-preview:large, max-video-preview:-1\" \/>\n<link rel=\"canonical\" href=\"https:\/\/hiai.ch\/fr_fr\/lesson-planning\/\" \/>\n<meta property=\"og:locale\" content=\"fr_FR\" \/>\n<meta property=\"og:type\" content=\"article\" \/>\n<meta property=\"og:title\" content=\"LESSON PLANNING | HiAI\" \/>\n<meta property=\"og:description\" content=\"_____________________________________________________________ Part 1: (Every lesson is 90 minutes long) Introduction to ChatGPT. Prompting. Masking AI. Avoiding copyright problems. Studying and revising with AI. AI tools for presentations. Website creation using AI. Part 2: AI image generation and editing. Music generation. TikTok and Reels generation with AI. Modeling\/Game development using AI. Combining AI tools. Course recap. [&hellip;]\" \/>\n<meta property=\"og:url\" content=\"https:\/\/hiai.ch\/fr_fr\/lesson-planning\/\" \/>\n<meta property=\"og:site_name\" content=\"HiAI\" \/>\n<meta property=\"article:publisher\" content=\"https:\/\/www.facebook.com\/hiaigeneva\" \/>\n<meta property=\"article:modified_time\" content=\"2024-03-01T08:14:40+00:00\" \/>\n<meta property=\"og:image\" content=\"https:\/\/hiai.ch\/wp-content\/uploads\/2017\/02\/pencil_book.jpg\" \/>\n\t<meta property=\"og:image:width\" content=\"1400\" \/>\n\t<meta property=\"og:image:height\" content=\"933\" \/>\n\t<meta property=\"og:image:type\" content=\"image\/jpeg\" \/>\n<meta name=\"twitter:card\" content=\"summary_large_image\" \/>\n<meta name=\"twitter:label1\" content=\"Dur\u00e9e de lecture estim\u00e9e\" \/>\n\t<meta name=\"twitter:data1\" content=\"3 minutes\" \/>\n<script type=\"application\/ld+json\" class=\"yoast-schema-graph\">{\"@context\":\"https:\/\/schema.org\",\"@graph\":[{\"@type\":\"WebPage\",\"@id\":\"https:\/\/hiai.ch\/lesson-planning\/\",\"url\":\"https:\/\/hiai.ch\/lesson-planning\/\",\"name\":\"LESSON PLANNING | HiAI\",\"isPartOf\":{\"@id\":\"https:\/\/hiai.ch\/#website\"},\"primaryImageOfPage\":{\"@id\":\"https:\/\/hiai.ch\/lesson-planning\/#primaryimage\"},\"image\":{\"@id\":\"https:\/\/hiai.ch\/lesson-planning\/#primaryimage\"},\"thumbnailUrl\":\"https:\/\/hiai.ch\/wp-content\/uploads\/2017\/02\/pencil_book.jpg\",\"datePublished\":\"2023-12-28T10:41:31+00:00\",\"dateModified\":\"2024-03-01T08:14:40+00:00\",\"breadcrumb\":{\"@id\":\"https:\/\/hiai.ch\/lesson-planning\/#breadcrumb\"},\"inLanguage\":\"fr-FR\",\"potentialAction\":[{\"@type\":\"ReadAction\",\"target\":[\"https:\/\/hiai.ch\/lesson-planning\/\"]}]},{\"@type\":\"ImageObject\",\"inLanguage\":\"fr-FR\",\"@id\":\"https:\/\/hiai.ch\/lesson-planning\/#primaryimage\",\"url\":\"https:\/\/hiai.ch\/wp-content\/uploads\/2017\/02\/pencil_book.jpg\",\"contentUrl\":\"https:\/\/hiai.ch\/wp-content\/uploads\/2017\/02\/pencil_book.jpg\",\"width\":1400,\"height\":933},{\"@type\":\"BreadcrumbList\",\"@id\":\"https:\/\/hiai.ch\/lesson-planning\/#breadcrumb\",\"itemListElement\":[{\"@type\":\"ListItem\",\"position\":1,\"name\":\"Home\",\"item\":\"https:\/\/hiai.ch\/\"},{\"@type\":\"ListItem\",\"position\":2,\"name\":\"LESSON PLANNING\"}]},{\"@type\":\"WebSite\",\"@id\":\"https:\/\/hiai.ch\/#website\",\"url\":\"https:\/\/hiai.ch\/\",\"name\":\"HiAI\",\"description\":\"AI Courses in Geneva\",\"publisher\":{\"@id\":\"https:\/\/hiai.ch\/#organization\"},\"potentialAction\":[{\"@type\":\"SearchAction\",\"target\":{\"@type\":\"EntryPoint\",\"urlTemplate\":\"https:\/\/hiai.ch\/?s={search_term_string}\"},\"query-input\":{\"@type\":\"PropertyValueSpecification\",\"valueRequired\":true,\"valueName\":\"search_term_string\"}}],\"inLanguage\":\"fr-FR\"},{\"@type\":\"Organization\",\"@id\":\"https:\/\/hiai.ch\/#organization\",\"name\":\"HiAI\",\"url\":\"https:\/\/hiai.ch\/\",\"logo\":{\"@type\":\"ImageObject\",\"inLanguage\":\"fr-FR\",\"@id\":\"https:\/\/hiai.ch\/#\/schema\/logo\/image\/\",\"url\":\"https:\/\/hiai.ch\/wp-content\/uploads\/2023\/12\/hiai-1.png\",\"contentUrl\":\"https:\/\/hiai.ch\/wp-content\/uploads\/2023\/12\/hiai-1.png\",\"width\":680,\"height\":332,\"caption\":\"HiAI\"},\"image\":{\"@id\":\"https:\/\/hiai.ch\/#\/schema\/logo\/image\/\"},\"sameAs\":[\"https:\/\/www.facebook.com\/hiaigeneva\",\"https:\/\/www.instagram.com\/hiai_geneva\/\"]}]}<\/script>\n<!-- \/ Yoast SEO plugin. -->","yoast_head_json":{"title":"LESSON PLANNING | HiAI","robots":{"index":"index","follow":"follow","max-snippet":"max-snippet:-1","max-image-preview":"max-image-preview:large","max-video-preview":"max-video-preview:-1"},"canonical":"https:\/\/hiai.ch\/fr_fr\/lesson-planning\/","og_locale":"fr_FR","og_type":"article","og_title":"LESSON PLANNING | HiAI","og_description":"_____________________________________________________________ Part 1: (Every lesson is 90 minutes long) Introduction to ChatGPT. Prompting. Masking AI. Avoiding copyright problems. Studying and revising with AI. AI tools for presentations. Website creation using AI. Part 2: AI image generation and editing. Music generation. TikTok and Reels generation with AI. Modeling\/Game development using AI. Combining AI tools. Course recap. [&hellip;]","og_url":"https:\/\/hiai.ch\/fr_fr\/lesson-planning\/","og_site_name":"HiAI","article_publisher":"https:\/\/www.facebook.com\/hiaigeneva","article_modified_time":"2024-03-01T08:14:40+00:00","og_image":[{"width":1400,"height":933,"url":"https:\/\/hiai.ch\/wp-content\/uploads\/2017\/02\/pencil_book.jpg","type":"image\/jpeg"}],"twitter_card":"summary_large_image","twitter_misc":{"Dur\u00e9e de lecture estim\u00e9e":"3 minutes"},"schema":{"@context":"https:\/\/schema.org","@graph":[{"@type":"WebPage","@id":"https:\/\/hiai.ch\/lesson-planning\/","url":"https:\/\/hiai.ch\/lesson-planning\/","name":"LESSON PLANNING | HiAI","isPartOf":{"@id":"https:\/\/hiai.ch\/#website"},"primaryImageOfPage":{"@id":"https:\/\/hiai.ch\/lesson-planning\/#primaryimage"},"image":{"@id":"https:\/\/hiai.ch\/lesson-planning\/#primaryimage"},"thumbnailUrl":"https:\/\/hiai.ch\/wp-content\/uploads\/2017\/02\/pencil_book.jpg","datePublished":"2023-12-28T10:41:31+00:00","dateModified":"2024-03-01T08:14:40+00:00","breadcrumb":{"@id":"https:\/\/hiai.ch\/lesson-planning\/#breadcrumb"},"inLanguage":"fr-FR","potentialAction":[{"@type":"ReadAction","target":["https:\/\/hiai.ch\/lesson-planning\/"]}]},{"@type":"ImageObject","inLanguage":"fr-FR","@id":"https:\/\/hiai.ch\/lesson-planning\/#primaryimage","url":"https:\/\/hiai.ch\/wp-content\/uploads\/2017\/02\/pencil_book.jpg","contentUrl":"https:\/\/hiai.ch\/wp-content\/uploads\/2017\/02\/pencil_book.jpg","width":1400,"height":933},{"@type":"BreadcrumbList","@id":"https:\/\/hiai.ch\/lesson-planning\/#breadcrumb","itemListElement":[{"@type":"ListItem","position":1,"name":"Home","item":"https:\/\/hiai.ch\/"},{"@type":"ListItem","position":2,"name":"LESSON PLANNING"}]},{"@type":"WebSite","@id":"https:\/\/hiai.ch\/#website","url":"https:\/\/hiai.ch\/","name":"HiAI","description":"AI Courses in Geneva","publisher":{"@id":"https:\/\/hiai.ch\/#organization"},"potentialAction":[{"@type":"SearchAction","target":{"@type":"EntryPoint","urlTemplate":"https:\/\/hiai.ch\/?s={search_term_string}"},"query-input":{"@type":"PropertyValueSpecification","valueRequired":true,"valueName":"search_term_string"}}],"inLanguage":"fr-FR"},{"@type":"Organization","@id":"https:\/\/hiai.ch\/#organization","name":"HiAI","url":"https:\/\/hiai.ch\/","logo":{"@type":"ImageObject","inLanguage":"fr-FR","@id":"https:\/\/hiai.ch\/#\/schema\/logo\/image\/","url":"https:\/\/hiai.ch\/wp-content\/uploads\/2023\/12\/hiai-1.png","contentUrl":"https:\/\/hiai.ch\/wp-content\/uploads\/2023\/12\/hiai-1.png","width":680,"height":332,"caption":"HiAI"},"image":{"@id":"https:\/\/hiai.ch\/#\/schema\/logo\/image\/"},"sameAs":["https:\/\/www.facebook.com\/hiaigeneva","https:\/\/www.instagram.com\/hiai_geneva\/"]}]}},"_links":{"self":[{"href":"https:\/\/hiai.ch\/fr_fr\/wp-json\/wp\/v2\/pages\/28853","targetHints":{"allow":["GET"]}}],"collection":[{"href":"https:\/\/hiai.ch\/fr_fr\/wp-json\/wp\/v2\/pages"}],"about":[{"href":"https:\/\/hiai.ch\/fr_fr\/wp-json\/wp\/v2\/types\/page"}],"author":[{"embeddable":true,"href":"https:\/\/hiai.ch\/fr_fr\/wp-json\/wp\/v2\/users\/1"}],"replies":[{"embeddable":true,"href":"https:\/\/hiai.ch\/fr_fr\/wp-json\/wp\/v2\/comments?post=28853"}],"version-history":[{"count":27,"href":"https:\/\/hiai.ch\/fr_fr\/wp-json\/wp\/v2\/pages\/28853\/revisions"}],"predecessor-version":[{"id":29510,"href":"https:\/\/hiai.ch\/fr_fr\/wp-json\/wp\/v2\/pages\/28853\/revisions\/29510"}],"wp:featuredmedia":[{"embeddable":true,"href":"https:\/\/hiai.ch\/fr_fr\/wp-json\/wp\/v2\/media\/28746"}],"wp:attachment":[{"href":"https:\/\/hiai.ch\/fr_fr\/wp-json\/wp\/v2\/media?parent=28853"}],"curies":[{"name":"wp","href":"https:\/\/api.w.org\/{rel}","templated":true}]}}